{"id":84672,"date":"2020-05-28T21:56:37","date_gmt":"2020-05-28T19:56:37","guid":{"rendered":"https:\/\/actin-co.com\/paiement-securise-en-ligne\/"},"modified":"2025-09-18T12:12:48","modified_gmt":"2025-09-18T10:12:48","slug":"paiement-securise-en-ligne","status":"publish","type":"page","link":"https:\/\/actin-co.com\/fr\/paiement-securise-en-ligne\/","title":{"rendered":"Paiement en ligne simple et s\u00e9curis\u00e9"},"content":{"rendered":"<div class=\"wpb-content-wrapper\"><p>[vc_row row_height_percent=\u00a0\u00bb0&Prime; override_padding=\u00a0\u00bbyes\u00a0\u00bb h_padding=\u00a0\u00bb2&Prime; top_padding=\u00a0\u00bb2&Prime; bottom_padding=\u00a0\u00bb5&Prime; overlay_alpha=\u00a0\u00bb50&Prime; gutter_size=\u00a0\u00bb3&Prime; column_width_percent=\u00a0\u00bb100&Prime; shift_y=\u00a0\u00bb0&Prime; z_index=\u00a0\u00bb0&Prime; content_parallax=\u00a0\u00bb0&Prime; uncode_shortcode_id=\u00a0\u00bb238668&Prime;][vc_column column_width_percent=\u00a0\u00bb100&Prime; position_vertical=\u00a0\u00bbmiddle\u00a0\u00bb gutter_size=\u00a0\u00bb3&Prime; overlay_alpha=\u00a0\u00bb50&Prime; shift_x=\u00a0\u00bb0&Prime; shift_y=\u00a0\u00bb0&Prime; shift_y_down=\u00a0\u00bb0&Prime; z_index=\u00a0\u00bb0&Prime; medium_width=\u00a0\u00bb0&Prime; mobile_width=\u00a0\u00bb0&Prime; width=\u00a0\u00bb1\/1&Prime; uncode_shortcode_id=\u00a0\u00bb705105&Prime;][vc_custom_heading heading_semantic=\u00a0\u00bbp\u00a0\u00bb text_font=\u00a0\u00bbfont-762333&Prime; text_size=\u00a0\u00bb\u00a0\u00bb text_weight=\u00a0\u00bb400&Prime; uncode_shortcode_id=\u00a0\u00bb149911&Prime;]R\u00e9glez votre facture en toute tranquillit\u00e9 gr\u00e2ce \u00e0 notre plateforme s\u00e9curis\u00e9e.<br \/>\nPr\u00e9parez votre r\u00e9f\u00e9rence de facture. A noter que des frais bancaires peuvent \u00eatre appliqu\u00e9s avec un paiement par carte.[\/vc_custom_heading][vc_empty_space empty_h=\u00a0\u00bb2&Prime;][vc_button radius=\u00a0\u00bbbtn-circle\u00a0\u00bb outline=\u00a0\u00bbyes\u00a0\u00bb border_width=\u00a0\u00bb0&Prime; link=\u00a0\u00bburl:https%3A%2F%2Fbuy.stripe.com%2FeVqdR81yFe5s3iYdut3Nm0d|title:Proc%C3%A9der%20au%20r%C3%A8glement|target:_blank\u00a0\u00bb uncode_shortcode_id=\u00a0\u00bb979202&Prime;]R\u00e9gler ma facture[\/vc_button][\/vc_column][\/vc_row]<\/p>\n<\/div>","protected":false},"excerpt":{"rendered":"<p>[vc_row row_height_percent=\u00a0\u00bb0&Prime; override_padding=\u00a0\u00bbyes\u00a0\u00bb h_padding=\u00a0\u00bb2&Prime; top_padding=\u00a0\u00bb2&Prime; bottom_padding=\u00a0\u00bb5&Prime; overlay_alpha=\u00a0\u00bb50&Prime; gutter_size=\u00a0\u00bb3&Prime; column_width_percent=\u00a0\u00bb100&Prime; shift_y=\u00a0\u00bb0&Prime; z_index=\u00a0\u00bb0&Prime; content_parallax=\u00a0\u00bb0&Prime; uncode_shortcode_id=\u00a0\u00bb238668&Prime;][vc_column column_width_percent=\u00a0\u00bb100&Prime; position_vertical=\u00a0\u00bbmiddle\u00a0\u00bb gutter_size=\u00a0\u00bb3&Prime; overlay_alpha=\u00a0\u00bb50&Prime; shift_x=\u00a0\u00bb0&Prime; shift_y=\u00a0\u00bb0&Prime; shift_y_down=\u00a0\u00bb0&Prime; [&hellip;]<\/p>\n","protected":false},"author":1,"featured_media":0,"parent":0,"menu_order":8,"comment_status":"closed","ping_status":"closed","template":"","meta":{"footnotes":""},"class_list":["post-84672","page","type-page","status-publish","hentry"],"yoast_head":"<!-- This site is optimized with the Yoast SEO plugin v27.1.1 - https:\/\/yoast.com\/product\/yoast-seo-wordpress\/ -->\n<title>Paiement en ligne simple et s\u00e9curis\u00e9 - Actinco<\/title>\n<meta name=\"robots\" content=\"index, follow, max-snippet:-1, max-image-preview:large, max-video-preview:-1\" \/>\n<link rel=\"canonical\" href=\"https:\/\/actin-co.com\/fr\/paiement-securise-en-ligne\/\" \/>\n<meta property=\"og:locale\" content=\"fr_FR\" \/>\n<meta property=\"og:type\" content=\"article\" \/>\n<meta property=\"og:title\" content=\"Paiement en ligne simple et s\u00e9curis\u00e9 - Actinco\" \/>\n<meta property=\"og:description\" content=\"[vc_row row_height_percent=\u00a0\u00bb0&Prime; override_padding=\u00a0\u00bbyes\u00a0\u00bb h_padding=\u00a0\u00bb2&Prime; top_padding=\u00a0\u00bb2&Prime; bottom_padding=\u00a0\u00bb5&Prime; overlay_alpha=\u00a0\u00bb50&Prime; gutter_size=\u00a0\u00bb3&Prime; column_width_percent=\u00a0\u00bb100&Prime; shift_y=\u00a0\u00bb0&Prime; z_index=\u00a0\u00bb0&Prime; content_parallax=\u00a0\u00bb0&Prime; uncode_shortcode_id=\u00a0\u00bb238668&Prime;][vc_column column_width_percent=\u00a0\u00bb100&Prime; position_vertical=\u00a0\u00bbmiddle\u00a0\u00bb gutter_size=\u00a0\u00bb3&Prime; overlay_alpha=\u00a0\u00bb50&Prime; shift_x=\u00a0\u00bb0&Prime; shift_y=\u00a0\u00bb0&Prime; shift_y_down=\u00a0\u00bb0&Prime; [&hellip;]\" \/>\n<meta property=\"og:url\" content=\"https:\/\/actin-co.com\/fr\/paiement-securise-en-ligne\/\" \/>\n<meta property=\"og:site_name\" content=\"Actinco\" \/>\n<meta property=\"article:modified_time\" content=\"2025-09-18T10:12:48+00:00\" \/>\n<meta name=\"twitter:card\" content=\"summary_large_image\" \/>\n<meta name=\"twitter:label1\" content=\"Dur\u00e9e de lecture estim\u00e9e\" \/>\n\t<meta name=\"twitter:data1\" content=\"1 minute\" \/>\n<script type=\"application\/ld+json\" class=\"yoast-schema-graph\">{\"@context\":\"https:\/\/schema.org\",\"@graph\":[{\"@type\":\"WebPage\",\"@id\":\"https:\/\/actin-co.com\/fr\/paiement-securise-en-ligne\/\",\"url\":\"https:\/\/actin-co.com\/fr\/paiement-securise-en-ligne\/\",\"name\":\"Paiement en ligne simple et s\u00e9curis\u00e9 - Actinco\",\"isPartOf\":{\"@id\":\"https:\/\/actin-co.com\/#website\"},\"datePublished\":\"2020-05-28T19:56:37+00:00\",\"dateModified\":\"2025-09-18T10:12:48+00:00\",\"breadcrumb\":{\"@id\":\"https:\/\/actin-co.com\/fr\/paiement-securise-en-ligne\/#breadcrumb\"},\"inLanguage\":\"fr-FR\",\"potentialAction\":[{\"@type\":\"ReadAction\",\"target\":[\"https:\/\/actin-co.com\/fr\/paiement-securise-en-ligne\/\"]}]},{\"@type\":\"BreadcrumbList\",\"@id\":\"https:\/\/actin-co.com\/fr\/paiement-securise-en-ligne\/#breadcrumb\",\"itemListElement\":[{\"@type\":\"ListItem\",\"position\":1,\"name\":\"Accueil\",\"item\":\"https:\/\/actin-co.com\/fr\/\"},{\"@type\":\"ListItem\",\"position\":2,\"name\":\"Paiement en ligne simple et s\u00e9curis\u00e9\"}]},{\"@type\":\"WebSite\",\"@id\":\"https:\/\/actin-co.com\/#website\",\"url\":\"https:\/\/actin-co.com\/\",\"name\":\"Actinco\",\"description\":\"From shopping with love\",\"potentialAction\":[{\"@type\":\"SearchAction\",\"target\":{\"@type\":\"EntryPoint\",\"urlTemplate\":\"https:\/\/actin-co.com\/?s={search_term_string}\"},\"query-input\":{\"@type\":\"PropertyValueSpecification\",\"valueRequired\":true,\"valueName\":\"search_term_string\"}}],\"inLanguage\":\"fr-FR\"}]}<\/script>\n<!-- \/ Yoast SEO plugin. -->","yoast_head_json":{"title":"Paiement en ligne simple et s\u00e9curis\u00e9 - Actinco","robots":{"index":"index","follow":"follow","max-snippet":"max-snippet:-1","max-image-preview":"max-image-preview:large","max-video-preview":"max-video-preview:-1"},"canonical":"https:\/\/actin-co.com\/fr\/paiement-securise-en-ligne\/","og_locale":"fr_FR","og_type":"article","og_title":"Paiement en ligne simple et s\u00e9curis\u00e9 - Actinco","og_description":"[vc_row row_height_percent=\u00a0\u00bb0&Prime; override_padding=\u00a0\u00bbyes\u00a0\u00bb h_padding=\u00a0\u00bb2&Prime; top_padding=\u00a0\u00bb2&Prime; bottom_padding=\u00a0\u00bb5&Prime; overlay_alpha=\u00a0\u00bb50&Prime; gutter_size=\u00a0\u00bb3&Prime; column_width_percent=\u00a0\u00bb100&Prime; shift_y=\u00a0\u00bb0&Prime; z_index=\u00a0\u00bb0&Prime; content_parallax=\u00a0\u00bb0&Prime; uncode_shortcode_id=\u00a0\u00bb238668&Prime;][vc_column column_width_percent=\u00a0\u00bb100&Prime; position_vertical=\u00a0\u00bbmiddle\u00a0\u00bb gutter_size=\u00a0\u00bb3&Prime; overlay_alpha=\u00a0\u00bb50&Prime; shift_x=\u00a0\u00bb0&Prime; shift_y=\u00a0\u00bb0&Prime; shift_y_down=\u00a0\u00bb0&Prime; [&hellip;]","og_url":"https:\/\/actin-co.com\/fr\/paiement-securise-en-ligne\/","og_site_name":"Actinco","article_modified_time":"2025-09-18T10:12:48+00:00","twitter_card":"summary_large_image","twitter_misc":{"Dur\u00e9e de lecture estim\u00e9e":"1 minute"},"schema":{"@context":"https:\/\/schema.org","@graph":[{"@type":"WebPage","@id":"https:\/\/actin-co.com\/fr\/paiement-securise-en-ligne\/","url":"https:\/\/actin-co.com\/fr\/paiement-securise-en-ligne\/","name":"Paiement en ligne simple et s\u00e9curis\u00e9 - Actinco","isPartOf":{"@id":"https:\/\/actin-co.com\/#website"},"datePublished":"2020-05-28T19:56:37+00:00","dateModified":"2025-09-18T10:12:48+00:00","breadcrumb":{"@id":"https:\/\/actin-co.com\/fr\/paiement-securise-en-ligne\/#breadcrumb"},"inLanguage":"fr-FR","potentialAction":[{"@type":"ReadAction","target":["https:\/\/actin-co.com\/fr\/paiement-securise-en-ligne\/"]}]},{"@type":"BreadcrumbList","@id":"https:\/\/actin-co.com\/fr\/paiement-securise-en-ligne\/#breadcrumb","itemListElement":[{"@type":"ListItem","position":1,"name":"Accueil","item":"https:\/\/actin-co.com\/fr\/"},{"@type":"ListItem","position":2,"name":"Paiement en ligne simple et s\u00e9curis\u00e9"}]},{"@type":"WebSite","@id":"https:\/\/actin-co.com\/#website","url":"https:\/\/actin-co.com\/","name":"Actinco","description":"From shopping with love","potentialAction":[{"@type":"SearchAction","target":{"@type":"EntryPoint","urlTemplate":"https:\/\/actin-co.com\/?s={search_term_string}"},"query-input":{"@type":"PropertyValueSpecification","valueRequired":true,"valueName":"search_term_string"}}],"inLanguage":"fr-FR"}]}},"_links":{"self":[{"href":"https:\/\/actin-co.com\/fr\/wp-json\/wp\/v2\/pages\/84672","targetHints":{"allow":["GET"]}}],"collection":[{"href":"https:\/\/actin-co.com\/fr\/wp-json\/wp\/v2\/pages"}],"about":[{"href":"https:\/\/actin-co.com\/fr\/wp-json\/wp\/v2\/types\/page"}],"author":[{"embeddable":true,"href":"https:\/\/actin-co.com\/fr\/wp-json\/wp\/v2\/users\/1"}],"replies":[{"embeddable":true,"href":"https:\/\/actin-co.com\/fr\/wp-json\/wp\/v2\/comments?post=84672"}],"version-history":[{"count":13,"href":"https:\/\/actin-co.com\/fr\/wp-json\/wp\/v2\/pages\/84672\/revisions"}],"predecessor-version":[{"id":88586,"href":"https:\/\/actin-co.com\/fr\/wp-json\/wp\/v2\/pages\/84672\/revisions\/88586"}],"wp:attachment":[{"href":"https:\/\/actin-co.com\/fr\/wp-json\/wp\/v2\/media?parent=84672"}],"curies":[{"name":"wp","href":"https:\/\/api.w.org\/{rel}","templated":true}]}}