{"id":84659,"date":"2020-05-28T21:51:47","date_gmt":"2020-05-28T19:51:47","guid":{"rendered":"https:\/\/actin-co.com\/collaboration-strategique\/"},"modified":"2025-12-05T08:43:52","modified_gmt":"2025-12-05T07:43:52","slug":"collaboration-strategique","status":"publish","type":"page","link":"https:\/\/actin-co.com\/fr\/collaboration-strategique\/","title":{"rendered":"Collaboration Strat\u00e9gique"},"content":{"rendered":"<div class=\"wpb-content-wrapper\"><p>[vc_row row_height_percent=\u00a0\u00bb0&Prime; override_padding=\u00a0\u00bbyes\u00a0\u00bb h_padding=\u00a0\u00bb2&Prime; top_padding=\u00a0\u00bb2&Prime; bottom_padding=\u00a0\u00bb3&Prime; overlay_alpha=\u00a0\u00bb50&Prime; gutter_size=\u00a0\u00bb3&Prime; column_width_percent=\u00a0\u00bb100&Prime; shift_y=\u00a0\u00bb0&Prime; z_index=\u00a0\u00bb0&Prime; content_parallax=\u00a0\u00bb0&Prime; uncode_shortcode_id=\u00a0\u00bb204855&Prime;][vc_column column_width_percent=\u00a0\u00bb100&Prime; position_vertical=\u00a0\u00bbmiddle\u00a0\u00bb gutter_size=\u00a0\u00bb3&Prime; overlay_alpha=\u00a0\u00bb50&Prime; shift_x=\u00a0\u00bb0&Prime; shift_y=\u00a0\u00bb0&Prime; shift_y_down=\u00a0\u00bb0&Prime; z_index=\u00a0\u00bb0&Prime; medium_width=\u00a0\u00bb0&Prime; mobile_width=\u00a0\u00bb0&Prime; width=\u00a0\u00bb1\/1&Prime; uncode_shortcode_id=\u00a0\u00bb188923&Prime;][vc_custom_heading auto_text=\u00a0\u00bbyes\u00a0\u00bb text_color=\u00a0\u00bbcolor-748990&Prime; heading_semantic=\u00a0\u00bbh1&Prime; text_font=\u00a0\u00bbfont-762333&Prime; text_size=\u00a0\u00bbfontsize-739966&Prime; text_weight=\u00a0\u00bb700&Prime; text_height=\u00a0\u00bbfontheight-179065&Prime; text_space=\u00a0\u00bbfontspace-781688&Prime; css_animation=\u00a0\u00bbcurtain\u00a0\u00bb interval_animation=\u00a0\u00bb100&Prime; uncode_shortcode_id=\u00a0\u00bb404342&Prime; text_color_type=\u00a0\u00bbuncode-palette\u00a0\u00bb][\/vc_custom_heading][vc_custom_heading text_font=\u00a0\u00bbfont-762333&Prime; text_size=\u00a0\u00bbfontsize-155944&Prime; text_weight=\u00a0\u00bb600&Prime; text_space=\u00a0\u00bbfontspace-781688&Prime; css_animation=\u00a0\u00bbcurtain\u00a0\u00bb animation_delay=\u00a0\u00bb100&Prime; interval_animation=\u00a0\u00bb200&Prime; uncode_shortcode_id=\u00a0\u00bb537385&Prime;]Equipez votre entreprise des bons outils et apportez le meilleur soutien \u00e0 votre \u00e9quipe[\/vc_custom_heading][vc_custom_heading heading_semantic=\u00a0\u00bbp\u00a0\u00bb text_font=\u00a0\u00bbfont-762333&Prime; text_size=\u00a0\u00bb\u00a0\u00bb text_weight=\u00a0\u00bb400&Prime; uncode_shortcode_id=\u00a0\u00bb173282&Prime;]ACTINCO a d\u00e9velopp\u00e9 diff\u00e9rents moyens pour faciliter et acc\u00e9l\u00e9rer les changements dans les entreprises. Ces initiatives ACTINCO sont con\u00e7ues pour accro\u00eetre vos comp\u00e9tences et d\u00e9velopper votre savoir-faire de mani\u00e8re acc\u00e9l\u00e9r\u00e9e. Ils se concentrent sur les enseignements op\u00e9rationnels actuels et les meilleures pratiques pour une mise en \u0153uvre imm\u00e9diate.<\/p>\n<p>&nbsp;<\/p>\n<p>Insuffler la transformation de votre entreprise et donnez-vous les meilleures chances de r\u00e9ussir en vous inspirant et en travaillant ensemble sur un d\u00e9fi strat\u00e9gique. Prenez de l&rsquo;avance avec d&rsquo;autres leaders gr\u00e2ce \u00e0 nos ACTINCO Mastermind\u00ae et partagez les meilleures pratiques avec vos pairs non concurrents. Facilitez la transformation de votre entreprise en appliquant nos Digital Days et nos routines \u00e9prouv\u00e9es. Cela vous permettra d&rsquo;apporter un changement durable. Obtenez l&rsquo;adh\u00e9sion de vos cadres sup\u00e9rieurs gr\u00e2ce \u00e0 l&rsquo;intervention d&rsquo;orateurs inspirants et experts dans leur domaine.[\/vc_custom_heading][vc_empty_space empty_h=\u00a0\u00bb2&Prime;][vc_row_inner row_inner_height_percent=\u00a0\u00bb0&Prime; overlay_alpha=\u00a0\u00bb50&Prime; equal_height=\u00a0\u00bbyes\u00a0\u00bb gutter_size=\u00a0\u00bb3&Prime; shift_y=\u00a0\u00bb0&Prime; z_index=\u00a0\u00bb0&Prime; limit_content=\u00a0\u00bb\u00a0\u00bb uncode_shortcode_id=\u00a0\u00bb197254&Prime;][vc_column_inner column_width_percent=\u00a0\u00bb100&Prime; gutter_size=\u00a0\u00bb3&Prime; back_color=\u00a0\u00bbcolor-lxmt\u00a0\u00bb overlay_alpha=\u00a0\u00bb50&Prime; shift_x=\u00a0\u00bb0&Prime; shift_y=\u00a0\u00bb0&Prime; shift_y_down=\u00a0\u00bb0&Prime; z_index=\u00a0\u00bb0&Prime; medium_width=\u00a0\u00bb0&Prime; mobile_width=\u00a0\u00bb0&Prime; width=\u00a0\u00bb1\/3&Prime; uncode_shortcode_id=\u00a0\u00bb124600&Prime; back_color_type=\u00a0\u00bbuncode-palette\u00a0\u00bb][vc_icon icon_image=\u00a0\u00bb83906&Prime; icon_color=\u00a0\u00bbcolor-748990&Prime; media_size=\u00a0\u00bb70&Prime; text_font=\u00a0\u00bbfont-762333&Prime; text_size=\u00a0\u00bbh5&Prime; text_lead=\u00a0\u00bbyes\u00a0\u00bb css_animation=\u00a0\u00bbright-t-left\u00a0\u00bb animation_delay=\u00a0\u00bb200&Prime; title=\u00a0\u00bbCollaboration strat\u00e9gique\u00a0\u00bb link=\u00a0\u00bburl:https%3A%2F%2Factin-co.com%2Fstrategic-collaboration%2Fmentoring%2F|title:Mentoring||\u00a0\u00bb uncode_shortcode_id=\u00a0\u00bb782137&Prime; icon_color_type=\u00a0\u00bbuncode-palette\u00a0\u00bb]<\/p>\n<ul>\n<li>Int\u00e9grez notre \u00e9cosyst\u00e8me. Nous sommes un r\u00e9seau de mentors issus du Retail et de grandes marques.<\/li>\n<li>Nous s\u00e9lectionnons pour vous les mentors les plus adapt\u00e9s afin de vous aider \u00e0 relever vos d\u00e9fis actuels en entreprise.<\/li>\n<\/ul>\n<p>[\/vc_icon][\/vc_column_inner][vc_column_inner column_width_percent=\u00a0\u00bb100&Prime; gutter_size=\u00a0\u00bb3&Prime; back_color=\u00a0\u00bbcolor-lxmt\u00a0\u00bb overlay_alpha=\u00a0\u00bb50&Prime; shift_x=\u00a0\u00bb0&Prime; shift_y=\u00a0\u00bb0&Prime; shift_y_down=\u00a0\u00bb0&Prime; z_index=\u00a0\u00bb0&Prime; medium_width=\u00a0\u00bb0&Prime; mobile_width=\u00a0\u00bb0&Prime; width=\u00a0\u00bb1\/3&Prime; uncode_shortcode_id=\u00a0\u00bb183230&Prime; back_color_type=\u00a0\u00bbuncode-palette\u00a0\u00bb][vc_icon icon_image=\u00a0\u00bb83909&Prime; icon_color=\u00a0\u00bbcolor-748990&Prime; media_size=\u00a0\u00bb70&Prime; text_font=\u00a0\u00bbfont-762333&Prime; text_size=\u00a0\u00bbh5&Prime; css_animation=\u00a0\u00bbright-t-left\u00a0\u00bb animation_delay=\u00a0\u00bb400&Prime; title=\u00a0\u00bbStrategie E-commerce\u00a0\u00bb uncode_shortcode_id=\u00a0\u00bb162309&Prime; icon_color_type=\u00a0\u00bbuncode-palette\u00a0\u00bb]<\/p>\n<ul>\n<li>Nous vous aidons \u00e0 d\u00e9finir votre strat\u00e9gie et \u00e0 clarifier votre plan d\u2019action.<\/li>\n<li>Nous partageons notre savoir-faire et vous fournissons les outils n\u00e9cessaires pour mettre en \u0153uvre votre strat\u00e9gie.<\/li>\n<li>Perfectionnez votre approche et suscitez l\u2019adh\u00e9sion interne ou de vos clients.<\/li>\n<\/ul>\n<p>[\/vc_icon][\/vc_column_inner][vc_column_inner column_width_percent=\u00a0\u00bb100&Prime; gutter_size=\u00a0\u00bb3&Prime; back_color=\u00a0\u00bbcolor-lxmt\u00a0\u00bb overlay_alpha=\u00a0\u00bb50&Prime; shift_x=\u00a0\u00bb0&Prime; shift_y=\u00a0\u00bb0&Prime; shift_y_down=\u00a0\u00bb0&Prime; z_index=\u00a0\u00bb0&Prime; medium_width=\u00a0\u00bb0&Prime; mobile_width=\u00a0\u00bb0&Prime; width=\u00a0\u00bb1\/3&Prime; uncode_shortcode_id=\u00a0\u00bb129276&Prime; back_color_type=\u00a0\u00bbuncode-palette\u00a0\u00bb][vc_icon icon_image=\u00a0\u00bb83901&Prime; icon_color=\u00a0\u00bbcolor-748990&Prime; media_size=\u00a0\u00bb70&Prime; text_font=\u00a0\u00bbfont-762333&Prime; text_size=\u00a0\u00bbh5&Prime; css_animation=\u00a0\u00bbright-t-left\u00a0\u00bb animation_delay=\u00a0\u00bb600&Prime; title=\u00a0\u00bbTransition durable\u00a0\u00bb uncode_shortcode_id=\u00a0\u00bb171397&Prime; icon_color_type=\u00a0\u00bbuncode-palette\u00a0\u00bb]<\/p>\n<ul>\n<li>Obtenez l\u2019engagement de votre direction et de vos collaborateurs pour des actions porteuses de sens.<\/li>\n<li>Impliquez vos \u00e9quipes dans des initiatives RSE en coh\u00e9rence avec la performance de votre entreprise.<\/li>\n<li>Utilisez des outils certifi\u00e9s, adapt\u00e9s \u00e0 votre activit\u00e9 et \u00e0 vos objectifs sp\u00e9cifiques.<\/li>\n<li>Collaborez avec des mentors s\u00e9lectionn\u00e9s, experts en innovation de mod\u00e8les \u00e9conomiques durables, en gestion de cat\u00e9gories responsables et en pratiques num\u00e9riques responsables.<\/li>\n<\/ul>\n<p>[\/vc_icon][\/vc_column_inner][\/vc_row_inner][vc_row_inner row_inner_height_percent=\u00a0\u00bb0&Prime; overlay_alpha=\u00a0\u00bb50&Prime; equal_height=\u00a0\u00bbyes\u00a0\u00bb gutter_size=\u00a0\u00bb3&Prime; shift_y=\u00a0\u00bb0&Prime; z_index=\u00a0\u00bb0&Prime; limit_content=\u00a0\u00bb\u00a0\u00bb uncode_shortcode_id=\u00a0\u00bb113817&Prime;][vc_column_inner column_width_percent=\u00a0\u00bb100&Prime; gutter_size=\u00a0\u00bb3&Prime; back_color=\u00a0\u00bbcolor-lxmt\u00a0\u00bb overlay_alpha=\u00a0\u00bb50&Prime; shift_x=\u00a0\u00bb0&Prime; shift_y=\u00a0\u00bb0&Prime; shift_y_down=\u00a0\u00bb0&Prime; z_index=\u00a0\u00bb0&Prime; medium_width=\u00a0\u00bb0&Prime; mobile_width=\u00a0\u00bb0&Prime; width=\u00a0\u00bb1\/3&Prime; uncode_shortcode_id=\u00a0\u00bb100654&Prime; back_color_type=\u00a0\u00bbuncode-palette\u00a0\u00bb][vc_icon icon_image=\u00a0\u00bb83906&Prime; icon_color=\u00a0\u00bbcolor-748990&Prime; media_size=\u00a0\u00bb70&Prime; text_font=\u00a0\u00bbfont-762333&Prime; text_size=\u00a0\u00bbh5&Prime; text_lead=\u00a0\u00bbyes\u00a0\u00bb css_animation=\u00a0\u00bbright-t-left\u00a0\u00bb animation_delay=\u00a0\u00bb200&Prime; title=\u00a0\u00bbPremiers pas avec l&rsquo;IA\u00a0\u00bb link=\u00a0\u00bburl:https%3A%2F%2Factin-co.com%2Fstrategic-collaboration%2Fmentoring%2F|title:Mentoring||\u00a0\u00bb uncode_shortcode_id=\u00a0\u00bb165583&Prime; icon_color_type=\u00a0\u00bbuncode-palette\u00a0\u00bb]<\/p>\n<ul>\n<li>Nous vous permettons de d\u00e9couvrir la puissance de l\u2019intelligence artificielle gr\u00e2ce \u00e0 des modules de formation immersifs.<\/li>\n<li>D\u00e9veloppez une culture IA : impliquez votre direction et engagez vos \u00e9quipes dans la transformation par l\u2019IA.<\/li>\n<\/ul>\n<p>[\/vc_icon][\/vc_column_inner][vc_column_inner column_width_percent=\u00a0\u00bb100&Prime; gutter_size=\u00a0\u00bb3&Prime; back_color=\u00a0\u00bbcolor-lxmt\u00a0\u00bb overlay_alpha=\u00a0\u00bb50&Prime; shift_x=\u00a0\u00bb0&Prime; shift_y=\u00a0\u00bb0&Prime; shift_y_down=\u00a0\u00bb0&Prime; z_index=\u00a0\u00bb0&Prime; medium_width=\u00a0\u00bb0&Prime; mobile_width=\u00a0\u00bb0&Prime; width=\u00a0\u00bb1\/3&Prime; uncode_shortcode_id=\u00a0\u00bb725686&Prime; back_color_type=\u00a0\u00bbuncode-palette\u00a0\u00bb][vc_icon icon_image=\u00a0\u00bb83909&Prime; icon_color=\u00a0\u00bbcolor-748990&Prime; media_size=\u00a0\u00bb70&Prime; text_font=\u00a0\u00bbfont-762333&Prime; text_size=\u00a0\u00bbh5&Prime; css_animation=\u00a0\u00bbright-t-left\u00a0\u00bb animation_delay=\u00a0\u00bb400&Prime; title=\u00a0\u00bbAI &#8211; Interm\u00e9diaire\u00a0\u00bb uncode_shortcode_id=\u00a0\u00bb133140&Prime; icon_color_type=\u00a0\u00bbuncode-palette\u00a0\u00bb]<\/p>\n<ul>\n<li>Nous vous aidons \u00e0 identifier les opportunit\u00e9s d\u2019IA g\u00e9n\u00e9rant un retour sur investissement concret, en optimisant vos processus et en obtenant des gains tangibles en qualit\u00e9 et en efficacit\u00e9.<\/li>\n<\/ul>\n<p>[\/vc_icon][\/vc_column_inner][vc_column_inner column_width_percent=\u00a0\u00bb100&Prime; gutter_size=\u00a0\u00bb3&Prime; back_color=\u00a0\u00bbcolor-lxmt\u00a0\u00bb overlay_alpha=\u00a0\u00bb50&Prime; shift_x=\u00a0\u00bb0&Prime; shift_y=\u00a0\u00bb0&Prime; shift_y_down=\u00a0\u00bb0&Prime; z_index=\u00a0\u00bb0&Prime; medium_width=\u00a0\u00bb0&Prime; mobile_width=\u00a0\u00bb0&Prime; width=\u00a0\u00bb1\/3&Prime; uncode_shortcode_id=\u00a0\u00bb964899&Prime; back_color_type=\u00a0\u00bbuncode-palette\u00a0\u00bb][vc_icon icon_image=\u00a0\u00bb83901&Prime; icon_color=\u00a0\u00bbcolor-748990&Prime; media_size=\u00a0\u00bb70&Prime; text_font=\u00a0\u00bbfont-762333&Prime; text_size=\u00a0\u00bbh5&Prime; css_animation=\u00a0\u00bbright-t-left\u00a0\u00bb animation_delay=\u00a0\u00bb600&Prime; title=\u00a0\u00bbAI &#8211; Pr\u00eat \u00e0 se lancer\u00a0\u00bb uncode_shortcode_id=\u00a0\u00bb116605&Prime; icon_color_type=\u00a0\u00bbuncode-palette\u00a0\u00bb]<\/p>\n<ul>\n<li>Nous vous mettons en relation avec des experts IA de premier plan qui vous accompagnent dans la mise en \u0153uvre de l\u2019intelligence artificielle au sein de votre entreprise. Nous vous aidons \u00e0 d\u00e9finir votre strat\u00e9gie, acc\u00e9l\u00e9rer l\u2019adoption et garantir des r\u00e9sultats mesurables.<\/li>\n<\/ul>\n<p>[\/vc_icon][\/vc_column_inner][\/vc_row_inner][\/vc_column][\/vc_row][vc_row row_height_percent=\u00a0\u00bb0&Prime; override_padding=\u00a0\u00bbyes\u00a0\u00bb h_padding=\u00a0\u00bb2&Prime; top_padding=\u00a0\u00bb3&Prime; bottom_padding=\u00a0\u00bb3&Prime; back_color=\u00a0\u00bbcolor-xsdn\u00a0\u00bb parallax=\u00a0\u00bbyes\u00a0\u00bb overlay_alpha=\u00a0\u00bb70&Prime; equal_height=\u00a0\u00bbyes\u00a0\u00bb gutter_size=\u00a0\u00bb4&Prime; column_width_percent=\u00a0\u00bb100&Prime; shift_y=\u00a0\u00bb0&Prime; z_index=\u00a0\u00bb1&Prime; content_parallax=\u00a0\u00bb0&Prime; uncode_shortcode_id=\u00a0\u00bb182839&Prime; back_color_type=\u00a0\u00bbuncode-palette\u00a0\u00bb][vc_column column_width_percent=\u00a0\u00bb100&Prime; position_vertical=\u00a0\u00bbmiddle\u00a0\u00bb align_horizontal=\u00a0\u00bbalign_center\u00a0\u00bb gutter_size=\u00a0\u00bb3&Prime; style=\u00a0\u00bblight\u00a0\u00bb back_color=\u00a0\u00bbcolor-xsdn\u00a0\u00bb overlay_alpha=\u00a0\u00bb100&Prime; radius=\u00a0\u00bbstd\u00a0\u00bb shift_x=\u00a0\u00bb0&Prime; shift_y=\u00a0\u00bb0&Prime; shift_y_down=\u00a0\u00bb0&Prime; z_index=\u00a0\u00bb0&Prime; medium_width=\u00a0\u00bb0&Prime; mobile_width=\u00a0\u00bb0&Prime; width=\u00a0\u00bb1\/1&Prime; uncode_shortcode_id=\u00a0\u00bb164754&Prime; back_color_type=\u00a0\u00bbuncode-palette\u00a0\u00bb][vc_custom_heading text_font=\u00a0\u00bbfont-762333&Prime; text_weight=\u00a0\u00bb600&Prime; text_space=\u00a0\u00bbfontspace-781688&Prime; css_animation=\u00a0\u00bbcurtain\u00a0\u00bb animation_delay=\u00a0\u00bb100&Prime; interval_animation=\u00a0\u00bb200&Prime; uncode_shortcode_id=\u00a0\u00bb432583&Prime;]Vous cherchez de nouvelles fa\u00e7ons de collaborer ?[\/vc_custom_heading][vc_button radius=\u00a0\u00bbbtn-circle\u00a0\u00bb hover_fx=\u00a0\u00bbfull-colored\u00a0\u00bb custom_typo=\u00a0\u00bbyes\u00a0\u00bb font_family=\u00a0\u00bbfont-762333&Prime; font_weight=\u00a0\u00bb600&Prime; text_transform=\u00a0\u00bbuppercase\u00a0\u00bb border_width=\u00a0\u00bb0&Prime; css_animation=\u00a0\u00bbbottom-t-top\u00a0\u00bb animation_delay=\u00a0\u00bb400&Prime; lbox_skin=\u00a0\u00bbwhite\u00a0\u00bb link=\u00a0\u00bburl:https%3A%2F%2Factin-co.com%2Ffr%2Fcontactez-nous%2F|title:Nous%20contacter|target:_blank\u00a0\u00bb uncode_shortcode_id=\u00a0\u00bb716421&Prime;]Nous contacter[\/vc_button][\/vc_column][\/vc_row]<\/p>\n<\/div>","protected":false},"excerpt":{"rendered":"<p>[vc_row row_height_percent=\u00a0\u00bb0&Prime; override_padding=\u00a0\u00bbyes\u00a0\u00bb h_padding=\u00a0\u00bb2&Prime; top_padding=\u00a0\u00bb2&Prime; bottom_padding=\u00a0\u00bb3&Prime; overlay_alpha=\u00a0\u00bb50&Prime; gutter_size=\u00a0\u00bb3&Prime; column_width_percent=\u00a0\u00bb100&Prime; shift_y=\u00a0\u00bb0&Prime; z_index=\u00a0\u00bb0&Prime; content_parallax=\u00a0\u00bb0&Prime; uncode_shortcode_id=\u00a0\u00bb204855&Prime;][vc_column column_width_percent=\u00a0\u00bb100&Prime; position_vertical=\u00a0\u00bbmiddle\u00a0\u00bb gutter_size=\u00a0\u00bb3&Prime; overlay_alpha=\u00a0\u00bb50&Prime; shift_x=\u00a0\u00bb0&Prime; shift_y=\u00a0\u00bb0&Prime; shift_y_down=\u00a0\u00bb0&Prime; [&hellip;]<\/p>\n","protected":false},"author":1,"featured_media":0,"parent":0,"menu_order":3,"comment_status":"closed","ping_status":"closed","template":"","meta":{"footnotes":""},"class_list":["post-84659","page","type-page","status-publish","hentry"],"yoast_head":"<!-- This site is optimized with the Yoast SEO plugin v27.1.1 - https:\/\/yoast.com\/product\/yoast-seo-wordpress\/ -->\n<title>Collaboration Strat\u00e9gique - Actinco<\/title>\n<meta name=\"robots\" content=\"index, follow, max-snippet:-1, max-image-preview:large, max-video-preview:-1\" \/>\n<link rel=\"canonical\" href=\"https:\/\/actin-co.com\/fr\/collaboration-strategique\/\" \/>\n<meta property=\"og:locale\" content=\"fr_FR\" \/>\n<meta property=\"og:type\" content=\"article\" \/>\n<meta property=\"og:title\" content=\"Collaboration Strat\u00e9gique - Actinco\" \/>\n<meta property=\"og:description\" content=\"[vc_row row_height_percent=\u00a0\u00bb0&Prime; override_padding=\u00a0\u00bbyes\u00a0\u00bb h_padding=\u00a0\u00bb2&Prime; top_padding=\u00a0\u00bb2&Prime; bottom_padding=\u00a0\u00bb3&Prime; overlay_alpha=\u00a0\u00bb50&Prime; gutter_size=\u00a0\u00bb3&Prime; column_width_percent=\u00a0\u00bb100&Prime; shift_y=\u00a0\u00bb0&Prime; z_index=\u00a0\u00bb0&Prime; content_parallax=\u00a0\u00bb0&Prime; uncode_shortcode_id=\u00a0\u00bb204855&Prime;][vc_column column_width_percent=\u00a0\u00bb100&Prime; position_vertical=\u00a0\u00bbmiddle\u00a0\u00bb gutter_size=\u00a0\u00bb3&Prime; overlay_alpha=\u00a0\u00bb50&Prime; shift_x=\u00a0\u00bb0&Prime; shift_y=\u00a0\u00bb0&Prime; shift_y_down=\u00a0\u00bb0&Prime; [&hellip;]\" \/>\n<meta property=\"og:url\" content=\"https:\/\/actin-co.com\/fr\/collaboration-strategique\/\" \/>\n<meta property=\"og:site_name\" content=\"Actinco\" \/>\n<meta property=\"article:modified_time\" content=\"2025-12-05T07:43:52+00:00\" \/>\n<meta name=\"twitter:card\" content=\"summary_large_image\" \/>\n<meta name=\"twitter:label1\" content=\"Dur\u00e9e de lecture estim\u00e9e\" \/>\n\t<meta name=\"twitter:data1\" content=\"4 minutes\" \/>\n<script type=\"application\/ld+json\" class=\"yoast-schema-graph\">{\"@context\":\"https:\/\/schema.org\",\"@graph\":[{\"@type\":\"WebPage\",\"@id\":\"https:\/\/actin-co.com\/fr\/collaboration-strategique\/\",\"url\":\"https:\/\/actin-co.com\/fr\/collaboration-strategique\/\",\"name\":\"Collaboration Strat\u00e9gique - Actinco\",\"isPartOf\":{\"@id\":\"https:\/\/actin-co.com\/#website\"},\"datePublished\":\"2020-05-28T19:51:47+00:00\",\"dateModified\":\"2025-12-05T07:43:52+00:00\",\"breadcrumb\":{\"@id\":\"https:\/\/actin-co.com\/fr\/collaboration-strategique\/#breadcrumb\"},\"inLanguage\":\"fr-FR\",\"potentialAction\":[{\"@type\":\"ReadAction\",\"target\":[\"https:\/\/actin-co.com\/fr\/collaboration-strategique\/\"]}]},{\"@type\":\"BreadcrumbList\",\"@id\":\"https:\/\/actin-co.com\/fr\/collaboration-strategique\/#breadcrumb\",\"itemListElement\":[{\"@type\":\"ListItem\",\"position\":1,\"name\":\"Accueil\",\"item\":\"https:\/\/actin-co.com\/fr\/\"},{\"@type\":\"ListItem\",\"position\":2,\"name\":\"Collaboration Strat\u00e9gique\"}]},{\"@type\":\"WebSite\",\"@id\":\"https:\/\/actin-co.com\/#website\",\"url\":\"https:\/\/actin-co.com\/\",\"name\":\"Actinco\",\"description\":\"From shopping with love\",\"potentialAction\":[{\"@type\":\"SearchAction\",\"target\":{\"@type\":\"EntryPoint\",\"urlTemplate\":\"https:\/\/actin-co.com\/?s={search_term_string}\"},\"query-input\":{\"@type\":\"PropertyValueSpecification\",\"valueRequired\":true,\"valueName\":\"search_term_string\"}}],\"inLanguage\":\"fr-FR\"}]}<\/script>\n<!-- \/ Yoast SEO plugin. -->","yoast_head_json":{"title":"Collaboration Strat\u00e9gique - Actinco","robots":{"index":"index","follow":"follow","max-snippet":"max-snippet:-1","max-image-preview":"max-image-preview:large","max-video-preview":"max-video-preview:-1"},"canonical":"https:\/\/actin-co.com\/fr\/collaboration-strategique\/","og_locale":"fr_FR","og_type":"article","og_title":"Collaboration Strat\u00e9gique - Actinco","og_description":"[vc_row row_height_percent=\u00a0\u00bb0&Prime; override_padding=\u00a0\u00bbyes\u00a0\u00bb h_padding=\u00a0\u00bb2&Prime; top_padding=\u00a0\u00bb2&Prime; bottom_padding=\u00a0\u00bb3&Prime; overlay_alpha=\u00a0\u00bb50&Prime; gutter_size=\u00a0\u00bb3&Prime; column_width_percent=\u00a0\u00bb100&Prime; shift_y=\u00a0\u00bb0&Prime; z_index=\u00a0\u00bb0&Prime; content_parallax=\u00a0\u00bb0&Prime; uncode_shortcode_id=\u00a0\u00bb204855&Prime;][vc_column column_width_percent=\u00a0\u00bb100&Prime; position_vertical=\u00a0\u00bbmiddle\u00a0\u00bb gutter_size=\u00a0\u00bb3&Prime; overlay_alpha=\u00a0\u00bb50&Prime; shift_x=\u00a0\u00bb0&Prime; shift_y=\u00a0\u00bb0&Prime; shift_y_down=\u00a0\u00bb0&Prime; [&hellip;]","og_url":"https:\/\/actin-co.com\/fr\/collaboration-strategique\/","og_site_name":"Actinco","article_modified_time":"2025-12-05T07:43:52+00:00","twitter_card":"summary_large_image","twitter_misc":{"Dur\u00e9e de lecture estim\u00e9e":"4 minutes"},"schema":{"@context":"https:\/\/schema.org","@graph":[{"@type":"WebPage","@id":"https:\/\/actin-co.com\/fr\/collaboration-strategique\/","url":"https:\/\/actin-co.com\/fr\/collaboration-strategique\/","name":"Collaboration Strat\u00e9gique - Actinco","isPartOf":{"@id":"https:\/\/actin-co.com\/#website"},"datePublished":"2020-05-28T19:51:47+00:00","dateModified":"2025-12-05T07:43:52+00:00","breadcrumb":{"@id":"https:\/\/actin-co.com\/fr\/collaboration-strategique\/#breadcrumb"},"inLanguage":"fr-FR","potentialAction":[{"@type":"ReadAction","target":["https:\/\/actin-co.com\/fr\/collaboration-strategique\/"]}]},{"@type":"BreadcrumbList","@id":"https:\/\/actin-co.com\/fr\/collaboration-strategique\/#breadcrumb","itemListElement":[{"@type":"ListItem","position":1,"name":"Accueil","item":"https:\/\/actin-co.com\/fr\/"},{"@type":"ListItem","position":2,"name":"Collaboration Strat\u00e9gique"}]},{"@type":"WebSite","@id":"https:\/\/actin-co.com\/#website","url":"https:\/\/actin-co.com\/","name":"Actinco","description":"From shopping with love","potentialAction":[{"@type":"SearchAction","target":{"@type":"EntryPoint","urlTemplate":"https:\/\/actin-co.com\/?s={search_term_string}"},"query-input":{"@type":"PropertyValueSpecification","valueRequired":true,"valueName":"search_term_string"}}],"inLanguage":"fr-FR"}]}},"_links":{"self":[{"href":"https:\/\/actin-co.com\/fr\/wp-json\/wp\/v2\/pages\/84659","targetHints":{"allow":["GET"]}}],"collection":[{"href":"https:\/\/actin-co.com\/fr\/wp-json\/wp\/v2\/pages"}],"about":[{"href":"https:\/\/actin-co.com\/fr\/wp-json\/wp\/v2\/types\/page"}],"author":[{"embeddable":true,"href":"https:\/\/actin-co.com\/fr\/wp-json\/wp\/v2\/users\/1"}],"replies":[{"embeddable":true,"href":"https:\/\/actin-co.com\/fr\/wp-json\/wp\/v2\/comments?post=84659"}],"version-history":[{"count":18,"href":"https:\/\/actin-co.com\/fr\/wp-json\/wp\/v2\/pages\/84659\/revisions"}],"predecessor-version":[{"id":88526,"href":"https:\/\/actin-co.com\/fr\/wp-json\/wp\/v2\/pages\/84659\/revisions\/88526"}],"wp:attachment":[{"href":"https:\/\/actin-co.com\/fr\/wp-json\/wp\/v2\/media?parent=84659"}],"curies":[{"name":"wp","href":"https:\/\/api.w.org\/{rel}","templated":true}]}}